{"id":1227,"date":"2024-10-04T22:14:18","date_gmt":"2024-10-04T20:14:18","guid":{"rendered":"https:\/\/wulkanizacja-rolewski.pl\/?page_id=1227"},"modified":"2024-11-03T22:05:01","modified_gmt":"2024-11-03T21:05:01","slug":"kontakt","status":"publish","type":"page","link":"https:\/\/wulkanizacja-rolewski.pl\/?page_id=1227","title":{"rendered":"Kontakt"},"content":{"rendered":"\t\t<div data-elementor-type=\"wp-page\" data-elementor-id=\"1227\" class=\"elementor elementor-1227\">\n\t\t\t\t<div class=\"elementor-element elementor-element-6797409 e-con-full e-flex wpr-particle-no wpr-jarallax-no wpr-parallax-no wpr-sticky-section-no e-con e-parent\" data-id=\"6797409\" data-element_type=\"container\" data-settings=\"{&quot;background_background&quot;:&quot;slideshow&quot;,&quot;background_slideshow_gallery&quot;:[{&quot;id&quot;:1168,&quot;url&quot;:&quot;https:\\\/\\\/wulkanizacja-rolewski.pl\\\/wp-content\\\/uploads\\\/2024\\\/10\\\/351321963_630767512060052_522086276442949422_n-1.jpg&quot;},{&quot;id&quot;:1167,&quot;url&quot;:&quot;https:\\\/\\\/wulkanizacja-rolewski.pl\\\/wp-content\\\/uploads\\\/2024\\\/10\\\/351321963_630767512060052_522086276442949422_n.jpg&quot;}],&quot;background_slideshow_ken_burns&quot;:&quot;yes&quot;,&quot;background_slideshow_loop&quot;:&quot;yes&quot;,&quot;background_slideshow_slide_duration&quot;:5000,&quot;background_slideshow_slide_transition&quot;:&quot;fade&quot;,&quot;background_slideshow_transition_duration&quot;:500,&quot;background_slideshow_ken_burns_zoom_direction&quot;:&quot;in&quot;}\">\n\t\t\t\t<div class=\"elementor-element elementor-element-757cea0 elementor-widget elementor-widget-heading\" data-id=\"757cea0\" data-element_type=\"widget\" data-widget_type=\"heading.default\">\n\t\t\t\t<div class=\"elementor-widget-container\">\n\t\t\t<h1 class=\"elementor-heading-title elementor-size-default\">Kontakt<\/h1>\t\t<\/div>\n\t\t\t\t<\/div>\n\t\t\t\t<div class=\"elementor-element elementor-element-53936b7 elementor-widget elementor-widget-text-editor\" data-id=\"53936b7\" data-element_type=\"widget\" data-widget_type=\"text-editor.default\">\n\t\t\t\t<div class=\"elementor-widget-container\">\n\t\t\t\t\t\t\t<div class=\"flex max-w-full flex-col flex-grow\"><div class=\"min-h-8 text-message flex w-full flex-col items-end gap-2 whitespace-normal break-words [.text-message+&amp;]:mt-5\" dir=\"auto\" data-message-author-role=\"assistant\" data-message-id=\"22fc14ee-bbb8-4928-a377-dcf61051f63c\"><div class=\"flex w-full flex-col gap-1 empty:hidden first:pt-[3px]\"><div class=\"markdown prose w-full break-words dark:prose-invert light\"><div class=\"flex max-w-full flex-col flex-grow\"><div class=\"min-h-8 text-message flex w-full flex-col items-end gap-2 whitespace-normal break-words [.text-message+&amp;]:mt-5\" dir=\"auto\" data-message-author-role=\"assistant\" data-message-id=\"7d98557e-2052-408d-98c4-3d6b1330b674\"><div class=\"flex w-full flex-col gap-1 empty:hidden first:pt-[3px]\"><div class=\"markdown prose w-full break-words dark:prose-invert light\"><p style=\"text-align: center;\">Jeste\u015bmy do Twojej dyspozycji o ka\u017cdej porze, gotowi, by zapewni\u0107 <strong>szybk\u0105 i profesjonaln\u0105 pomoc<\/strong> na drodze. Zadzwo\u0144, napisz lub odwied\u017a nas \u2013 odpowiemy na wszystkie pytania i doradzimy najlepsze rozwi\u0105zania!<\/p><\/div><\/div><\/div><\/div><div class=\"mb-2 flex gap-3 empty:hidden -ml-2\"><div class=\"items-center justify-start rounded-xl p-1 flex\"><div class=\"flex items-center\" style=\"text-align: center;\">\u00a0<\/div><\/div><\/div><\/div><\/div><\/div><\/div>\t\t\t\t\t\t<\/div>\n\t\t\t\t<\/div>\n\t\t\t\t<div class=\"elementor-element elementor-element-9e16a71 elementor-widget elementor-widget-button\" data-id=\"9e16a71\" data-element_type=\"widget\" data-widget_type=\"button.default\">\n\t\t\t\t<div class=\"elementor-widget-container\">\n\t\t\t\t\t<div class=\"elementor-button-wrapper\">\n\t\t\t<a class=\"elementor-button elementor-button-link elementor-size-sm\" href=\"#wiecej\">\n\t\t\t\t\t\t<span class=\"elementor-button-content-wrapper\">\n\t\t\t\t\t\t\t\t\t<span class=\"elementor-button-text\">Dowiedz si\u0119 wi\u0119cej<\/span>\n\t\t\t\t\t<\/span>\n\t\t\t\t\t<\/a>\n\t\t<\/div>\n\t\t\t\t<\/div>\n\t\t\t\t<\/div>\n\t\t\t\t<div class=\"elementor-element elementor-element-beebdc1 elementor-widget elementor-widget-menu-anchor\" data-id=\"beebdc1\" data-element_type=\"widget\" data-widget_type=\"menu-anchor.default\">\n\t\t\t\t<div class=\"elementor-widget-container\">\n\t\t\t\t\t<div class=\"elementor-menu-anchor\" id=\"wiecej\"><\/div>\n\t\t\t\t<\/div>\n\t\t\t\t<\/div>\n\t\t\t\t<\/div>\n\t\t<div class=\"elementor-element elementor-element-2edab0d e-flex e-con-boxed wpr-particle-no wpr-jarallax-no wpr-parallax-no wpr-sticky-section-no e-con e-parent\" data-id=\"2edab0d\" data-element_type=\"container\">\n\t\t\t\t\t<div class=\"e-con-inner\">\n\t\t<div class=\"elementor-element elementor-element-2c4c812 e-flex e-con-boxed wpr-particle-no wpr-jarallax-no wpr-parallax-no wpr-sticky-section-no elementor-invisible e-con e-child\" data-id=\"2c4c812\" data-element_type=\"container\" data-settings=\"{&quot;animation&quot;:&quot;slideInLeft&quot;}\">\n\t\t\t\t\t<div class=\"e-con-inner\">\n\t\t\t\t<div class=\"elementor-element elementor-element-7d6a2c7 elementor-widget elementor-widget-heading\" data-id=\"7d6a2c7\" data-element_type=\"widget\" data-widget_type=\"heading.default\">\n\t\t\t\t<div class=\"elementor-widget-container\">\n\t\t\t<h2 class=\"elementor-heading-title elementor-size-default\">Potrzebujesz pomocy?<\/h2>\t\t<\/div>\n\t\t\t\t<\/div>\n\t\t\t\t<div class=\"elementor-element elementor-element-21bb5ae elementor-widget elementor-widget-text-editor\" data-id=\"21bb5ae\" data-element_type=\"widget\" data-widget_type=\"text-editor.default\">\n\t\t\t\t<div class=\"elementor-widget-container\">\n\t\t\t\t\t\t\t<p style=\"text-align: justify;\">W ka\u017cdej awaryjnej sytuacji na drodze mo\u017cesz liczy\u0107 na nasz\u0105 <strong>szybk\u0105 i profesjonaln\u0105 pomoc<\/strong>. Jeste\u015bmy dost\u0119pni przez <strong>ca\u0142\u0105 dob\u0119<\/strong>, by odpowiedzie\u0107 na ka\u017cde wezwanie \u2013 od nag\u0142ej awarii opony, przez problemy z hamulcami, a\u017c po drobne naprawy na miejscu zdarzenia. Wystarczy jeden telefon, a nasz zesp\u00f3\u0142 natychmiast przyst\u0105pi do dzia\u0142ania, by zapewni\u0107 Ci wsparcie w dowolnym miejscu w P\u0142ocku i okolicach. Dbamy o to, aby ka\u017cdy klient m\u00f3g\u0142 czu\u0107 si\u0119 bezpiecznie i komfortowo, dlatego zawsze jeste\u015bmy gotowi do szybkiej interwencji.<\/p><p style=\"text-align: justify;\">Zach\u0119camy do kontaktu telefonicznego, kt\u00f3ry pozwala nam b\u0142yskawicznie zareagowa\u0107 i przygotowa\u0107 si\u0119 do przyjazdu na miejsce. Mo\u017cesz r\u00f3wnie\u017c skontaktowa\u0107 si\u0119 z nami mailowo lub odwiedzi\u0107 nas osobi\u015bcie, aby dowiedzie\u0107 si\u0119 wi\u0119cej o naszych us\u0142ugach i um\u00f3wi\u0107 si\u0119 na dogodny termin. <strong>Zaufaj specjalistom<\/strong>, kt\u00f3rzy stawiaj\u0105 na solidno\u015b\u0107, szybko\u015b\u0107 dzia\u0142ania i pe\u0142ne zaanga\u017cowanie w ka\u017cd\u0105 realizacj\u0119.<\/p>\t\t\t\t\t\t<\/div>\n\t\t\t\t<\/div>\n\t\t\t\t<div class=\"elementor-element elementor-element-a3488a2 elementor-widget elementor-widget-text-editor\" data-id=\"a3488a2\" data-element_type=\"widget\" data-widget_type=\"text-editor.default\">\n\t\t\t\t<div class=\"elementor-widget-container\">\n\t\t\t\t\t\t\t<p>Kontakt telefoniczny: <strong><a href=\"tel:+48 663 174 610\">+48 663 174 610<\/a><\/strong><\/p>\t\t\t\t\t\t<\/div>\n\t\t\t\t<\/div>\n\t\t\t\t\t<\/div>\n\t\t\t\t<\/div>\n\t\t\t\t\t<\/div>\n\t\t\t\t<\/div>\n\t\t<div class=\"elementor-element elementor-element-37f17ae e-flex e-con-boxed wpr-particle-no wpr-jarallax-no wpr-parallax-no wpr-sticky-section-no e-con e-parent\" data-id=\"37f17ae\" data-element_type=\"container\">\n\t\t\t\t\t<div class=\"e-con-inner\">\n\t\t\t\t<div class=\"elementor-element elementor-element-9da4ce8 elementor-widget elementor-widget-html\" data-id=\"9da4ce8\" data-element_type=\"widget\" data-widget_type=\"html.default\">\n\t\t\t\t<div class=\"elementor-widget-container\">\n\t\t\t<iframe src=\"https:\/\/www.google.com\/maps\/embed?pb=!1m18!1m12!1m3!1d2430.5674560300245!2d19.602602199999996!3d52.4688606!2m3!1f0!2f0!3f0!3m2!1i1024!2i768!4f13.1!3m3!1m2!1s0x471c7948f38717cf%3A0x5c622b2ded129c48!2sWulkanizacja%20mobilna%20P%C5%82ock%20-%20Rolewski%20-%20mobilny%20serwis%20opon%20P%C5%82ock-%20naprawa%20opon%20-%20sezonowa%20wymiana%20opon%20P%C5%82ock!5e0!3m2!1spl!2spl!4v1728073125343!5m2!1spl!2spl\" width=\"600\" height=\"450\" style=\"border:0;\" allowfullscreen=\"\" loading=\"lazy\" referrerpolicy=\"no-referrer-when-downgrade\"><\/iframe>\t\t<\/div>\n\t\t\t\t<\/div>\n\t\t\t\t\t<\/div>\n\t\t\t\t<\/div>\n\t\t<div class=\"elementor-element elementor-element-57af148 e-flex e-con-boxed wpr-particle-no wpr-jarallax-no wpr-parallax-no wpr-sticky-section-no e-con e-parent\" data-id=\"57af148\" data-element_type=\"container\">\n\t\t\t\t\t<div class=\"e-con-inner\">\n\t\t<div class=\"elementor-element elementor-element-87d93dd e-flex e-con-boxed wpr-particle-no wpr-jarallax-no wpr-parallax-no wpr-sticky-section-no elementor-invisible e-con e-child\" data-id=\"87d93dd\" data-element_type=\"container\" data-settings=\"{&quot;animation&quot;:&quot;slideInLeft&quot;}\">\n\t\t\t\t\t<div class=\"e-con-inner\">\n\t\t\t\t\t<\/div>\n\t\t\t\t<\/div>\n\t\t\t\t\t<\/div>\n\t\t\t\t<\/div>\n\t\t\t\t<\/div>\n\t\t","protected":false},"excerpt":{"rendered":"<p>Kontakt Jeste\u015bmy do Twojej dyspozycji o ka\u017cdej porze, gotowi, by zapewni\u0107 szybk\u0105 i profesjonaln\u0105 pomoc na drodze. Zadzwo\u0144, napisz lub odwied\u017a nas \u2013 odpowiemy na wszystkie pytania i doradzimy najlepsze rozwi\u0105zania! \u00a0 Dowiedz si\u0119 wi\u0119cej Potrzebujesz pomocy? W ka\u017cdej awaryjnej sytuacji na drodze mo\u017cesz liczy\u0107 na nasz\u0105 szybk\u0105 i profesjonaln\u0105 pomoc. Jeste\u015bmy dost\u0119pni przez ca\u0142\u0105 dob\u0119, by odpowiedzie\u0107 na ka\u017cde wezwanie \u2013 od nag\u0142ej awarii opony, przez problemy z hamulcami, a\u017c po drobne naprawy na miejscu zdarzenia. Wystarczy jeden telefon, a nasz zesp\u00f3\u0142 natychmiast przyst\u0105pi do dzia\u0142ania, by zapewni\u0107 Ci wsparcie w dowolnym miejscu w P\u0142ocku i okolicach. Dbamy o to, aby ka\u017cdy klient m\u00f3g\u0142 czu\u0107 si\u0119 bezpiecznie i komfortowo, dlatego zawsze jeste\u015bmy gotowi do szybkiej interwencji. Zach\u0119camy do kontaktu telefonicznego, kt\u00f3ry pozwala nam b\u0142yskawicznie zareagowa\u0107 i przygotowa\u0107 si\u0119 do przyjazdu na miejsce. Mo\u017cesz r\u00f3wnie\u017c skontaktowa\u0107 si\u0119 z nami mailowo lub odwiedzi\u0107 nas osobi\u015bcie, aby dowiedzie\u0107 si\u0119 wi\u0119cej o naszych us\u0142ugach i um\u00f3wi\u0107 si\u0119 na dogodny termin. Zaufaj specjalistom, kt\u00f3rzy stawiaj\u0105 na solidno\u015b\u0107, szybko\u015b\u0107 dzia\u0142ania i pe\u0142ne zaanga\u017cowanie w ka\u017cd\u0105 realizacj\u0119. Kontakt telefoniczny: +48 663 174 610<\/p>\n","protected":false},"author":1,"featured_media":0,"parent":0,"menu_order":0,"comment_status":"closed","ping_status":"closed","template":"elementor_canvas","meta":{"footnotes":""},"class_list":["post-1227","page","type-page","status-publish","hentry"],"_links":{"self":[{"href":"https:\/\/wulkanizacja-rolewski.pl\/index.php?rest_route=\/wp\/v2\/pages\/1227","targetHints":{"allow":["GET"]}}],"collection":[{"href":"https:\/\/wulkanizacja-rolewski.pl\/index.php?rest_route=\/wp\/v2\/pages"}],"about":[{"href":"https:\/\/wulkanizacja-rolewski.pl\/index.php?rest_route=\/wp\/v2\/types\/page"}],"author":[{"embeddable":true,"href":"https:\/\/wulkanizacja-rolewski.pl\/index.php?rest_route=\/wp\/v2\/users\/1"}],"replies":[{"embeddable":true,"href":"https:\/\/wulkanizacja-rolewski.pl\/index.php?rest_route=%2Fwp%2Fv2%2Fcomments&post=1227"}],"version-history":[{"count":7,"href":"https:\/\/wulkanizacja-rolewski.pl\/index.php?rest_route=\/wp\/v2\/pages\/1227\/revisions"}],"predecessor-version":[{"id":1259,"href":"https:\/\/wulkanizacja-rolewski.pl\/index.php?rest_route=\/wp\/v2\/pages\/1227\/revisions\/1259"}],"wp:attachment":[{"href":"https:\/\/wulkanizacja-rolewski.pl\/index.php?rest_route=%2Fwp%2Fv2%2Fmedia&parent=1227"}],"curies":[{"name":"wp","href":"https:\/\/api.w.org\/{rel}","templated":true}]}}