{"id":1221,"date":"2024-10-04T22:11:09","date_gmt":"2024-10-04T20:11:09","guid":{"rendered":"https:\/\/wulkanizacja-rolewski.pl\/?page_id=1221"},"modified":"2024-11-03T22:04:41","modified_gmt":"2024-11-03T21:04:41","slug":"realizacje","status":"publish","type":"page","link":"https:\/\/wulkanizacja-rolewski.pl\/?page_id=1221","title":{"rendered":"Realizacje"},"content":{"rendered":"\t\t<div data-elementor-type=\"wp-page\" data-elementor-id=\"1221\" class=\"elementor elementor-1221\">\n\t\t\t\t<div class=\"elementor-element elementor-element-6797409 e-con-full e-flex wpr-particle-no wpr-jarallax-no wpr-parallax-no wpr-sticky-section-no e-con e-parent\" data-id=\"6797409\" data-element_type=\"container\" data-settings=\"{&quot;background_background&quot;:&quot;slideshow&quot;,&quot;background_slideshow_gallery&quot;:[{&quot;id&quot;:1168,&quot;url&quot;:&quot;https:\\\/\\\/wulkanizacja-rolewski.pl\\\/wp-content\\\/uploads\\\/2024\\\/10\\\/351321963_630767512060052_522086276442949422_n-1.jpg&quot;},{&quot;id&quot;:1167,&quot;url&quot;:&quot;https:\\\/\\\/wulkanizacja-rolewski.pl\\\/wp-content\\\/uploads\\\/2024\\\/10\\\/351321963_630767512060052_522086276442949422_n.jpg&quot;}],&quot;background_slideshow_ken_burns&quot;:&quot;yes&quot;,&quot;background_slideshow_loop&quot;:&quot;yes&quot;,&quot;background_slideshow_slide_duration&quot;:5000,&quot;background_slideshow_slide_transition&quot;:&quot;fade&quot;,&quot;background_slideshow_transition_duration&quot;:500,&quot;background_slideshow_ken_burns_zoom_direction&quot;:&quot;in&quot;}\">\n\t\t\t\t<div class=\"elementor-element elementor-element-757cea0 elementor-widget elementor-widget-heading\" data-id=\"757cea0\" data-element_type=\"widget\" data-widget_type=\"heading.default\">\n\t\t\t\t<div class=\"elementor-widget-container\">\n\t\t\t<h1 class=\"elementor-heading-title elementor-size-default\">Realizacje<\/h1>\t\t<\/div>\n\t\t\t\t<\/div>\n\t\t\t\t<div class=\"elementor-element elementor-element-53936b7 elementor-widget elementor-widget-text-editor\" data-id=\"53936b7\" data-element_type=\"widget\" data-widget_type=\"text-editor.default\">\n\t\t\t\t<div class=\"elementor-widget-container\">\n\t\t\t\t\t\t\t<div class=\"flex max-w-full flex-col flex-grow\"><div class=\"min-h-8 text-message flex w-full flex-col items-end gap-2 whitespace-normal break-words [.text-message+&amp;]:mt-5\" dir=\"auto\" data-message-author-role=\"assistant\" data-message-id=\"22fc14ee-bbb8-4928-a377-dcf61051f63c\"><div class=\"flex w-full flex-col gap-1 empty:hidden first:pt-[3px]\"><div class=\"markdown prose w-full break-words dark:prose-invert light\"><p style=\"text-align: center;\">Zapraszamy do zapoznania si\u0119 z naszymi dotychczasowymi realizacjami, kt\u00f3re potwierdzaj\u0105 nasz\u0105 <strong>solidno\u015b\u0107, niezawodno\u015b\u0107 i zaanga\u017cowanie<\/strong>. Ka\u017cda interwencja to przyk\u0142ad fachowej obs\u0142ugi i dba\u0142o\u015bci o bezpiecze\u0144stwo na drodze \u2013 zobacz, jak pracujemy!<\/p><\/div><\/div><\/div><\/div>\t\t\t\t\t\t<\/div>\n\t\t\t\t<\/div>\n\t\t\t\t<div class=\"elementor-element elementor-element-9e16a71 elementor-widget elementor-widget-button\" data-id=\"9e16a71\" data-element_type=\"widget\" data-widget_type=\"button.default\">\n\t\t\t\t<div class=\"elementor-widget-container\">\n\t\t\t\t\t<div class=\"elementor-button-wrapper\">\n\t\t\t<a class=\"elementor-button elementor-button-link elementor-size-sm\" href=\"#wiecej\">\n\t\t\t\t\t\t<span class=\"elementor-button-content-wrapper\">\n\t\t\t\t\t\t\t\t\t<span class=\"elementor-button-text\">Dowiedz si\u0119 wi\u0119cej<\/span>\n\t\t\t\t\t<\/span>\n\t\t\t\t\t<\/a>\n\t\t<\/div>\n\t\t\t\t<\/div>\n\t\t\t\t<\/div>\n\t\t\t\t<div class=\"elementor-element elementor-element-beebdc1 elementor-widget elementor-widget-menu-anchor\" data-id=\"beebdc1\" data-element_type=\"widget\" data-widget_type=\"menu-anchor.default\">\n\t\t\t\t<div class=\"elementor-widget-container\">\n\t\t\t\t\t<div class=\"elementor-menu-anchor\" id=\"wiecej\"><\/div>\n\t\t\t\t<\/div>\n\t\t\t\t<\/div>\n\t\t\t\t<\/div>\n\t\t<div class=\"elementor-element elementor-element-2edab0d e-flex e-con-boxed wpr-particle-no wpr-jarallax-no wpr-parallax-no wpr-sticky-section-no e-con e-parent\" data-id=\"2edab0d\" data-element_type=\"container\">\n\t\t\t\t\t<div class=\"e-con-inner\">\n\t\t<div class=\"elementor-element elementor-element-2c4c812 e-flex e-con-boxed wpr-particle-no wpr-jarallax-no wpr-parallax-no wpr-sticky-section-no elementor-invisible e-con e-child\" data-id=\"2c4c812\" data-element_type=\"container\" data-settings=\"{&quot;animation&quot;:&quot;slideInLeft&quot;}\">\n\t\t\t\t\t<div class=\"e-con-inner\">\n\t\t\t\t<div class=\"elementor-element elementor-element-7d6a2c7 elementor-widget elementor-widget-heading\" data-id=\"7d6a2c7\" data-element_type=\"widget\" data-widget_type=\"heading.default\">\n\t\t\t\t<div class=\"elementor-widget-container\">\n\t\t\t<h2 class=\"elementor-heading-title elementor-size-default\">Galeria<\/h2>\t\t<\/div>\n\t\t\t\t<\/div>\n\t\t\t\t<div class=\"elementor-element elementor-element-7367ff3 elementor-widget elementor-widget-image-gallery\" data-id=\"7367ff3\" data-element_type=\"widget\" data-widget_type=\"image-gallery.default\">\n\t\t\t\t<div class=\"elementor-widget-container\">\n\t\t\t\t\t<div class=\"elementor-image-gallery\">\n\t\t\t<div id='gallery-1' class='gallery galleryid-1221 gallery-columns-2 gallery-size-full'><figure class='gallery-item'>\n\t\t\t<div class='gallery-icon portrait'>\n\t\t\t\t<a data-elementor-open-lightbox=\"yes\" data-elementor-lightbox-slideshow=\"7367ff3\" data-elementor-lightbox-title=\"339277533_980924916667834_1032929671329564718_n\" data-e-action-hash=\"#elementor-action%3Aaction%3Dlightbox%26settings%3DeyJpZCI6MTE4MiwidXJsIjoiaHR0cHM6XC9cL3d1bGthbml6YWNqYS1yb2xld3NraS5wbFwvd3AtY29udGVudFwvdXBsb2Fkc1wvMjAyNFwvMTBcLzMzOTI3NzUzM185ODA5MjQ5MTY2Njc4MzRfMTAzMjkyOTY3MTMyOTU2NDcxOF9uLmpwZyIsInNsaWRlc2hvdyI6IjczNjdmZjMifQ%3D%3D\" href='https:\/\/wulkanizacja-rolewski.pl\/wp-content\/uploads\/2024\/10\/339277533_980924916667834_1032929671329564718_n.jpg'><img fetchpriority=\"high\" decoding=\"async\" width=\"1153\" height=\"2048\" src=\"https:\/\/wulkanizacja-rolewski.pl\/wp-content\/uploads\/2024\/10\/339277533_980924916667834_1032929671329564718_n.jpg\" class=\"attachment-full size-full\" alt=\"\" srcset=\"https:\/\/wulkanizacja-rolewski.pl\/wp-content\/uploads\/2024\/10\/339277533_980924916667834_1032929671329564718_n.jpg 1153w, https:\/\/wulkanizacja-rolewski.pl\/wp-content\/uploads\/2024\/10\/339277533_980924916667834_1032929671329564718_n-169x300.jpg 169w, https:\/\/wulkanizacja-rolewski.pl\/wp-content\/uploads\/2024\/10\/339277533_980924916667834_1032929671329564718_n-577x1024.jpg 577w, https:\/\/wulkanizacja-rolewski.pl\/wp-content\/uploads\/2024\/10\/339277533_980924916667834_1032929671329564718_n-768x1364.jpg 768w, https:\/\/wulkanizacja-rolewski.pl\/wp-content\/uploads\/2024\/10\/339277533_980924916667834_1032929671329564718_n-865x1536.jpg 865w\" sizes=\"(max-width: 1153px) 100vw, 1153px\" \/><\/a>\n\t\t\t<\/div><\/figure><figure class='gallery-item'>\n\t\t\t<div class='gallery-icon portrait'>\n\t\t\t\t<a data-elementor-open-lightbox=\"yes\" data-elementor-lightbox-slideshow=\"7367ff3\" data-elementor-lightbox-title=\"339258759_173644735631926_5625775206248668453_n\" data-e-action-hash=\"#elementor-action%3Aaction%3Dlightbox%26settings%3DeyJpZCI6MTE4MywidXJsIjoiaHR0cHM6XC9cL3d1bGthbml6YWNqYS1yb2xld3NraS5wbFwvd3AtY29udGVudFwvdXBsb2Fkc1wvMjAyNFwvMTBcLzMzOTI1ODc1OV8xNzM2NDQ3MzU2MzE5MjZfNTYyNTc3NTIwNjI0ODY2ODQ1M19uLmpwZyIsInNsaWRlc2hvdyI6IjczNjdmZjMifQ%3D%3D\" href='https:\/\/wulkanizacja-rolewski.pl\/wp-content\/uploads\/2024\/10\/339258759_173644735631926_5625775206248668453_n.jpg'><img decoding=\"async\" width=\"1153\" height=\"2048\" src=\"https:\/\/wulkanizacja-rolewski.pl\/wp-content\/uploads\/2024\/10\/339258759_173644735631926_5625775206248668453_n.jpg\" class=\"attachment-full size-full\" alt=\"\" srcset=\"https:\/\/wulkanizacja-rolewski.pl\/wp-content\/uploads\/2024\/10\/339258759_173644735631926_5625775206248668453_n.jpg 1153w, https:\/\/wulkanizacja-rolewski.pl\/wp-content\/uploads\/2024\/10\/339258759_173644735631926_5625775206248668453_n-169x300.jpg 169w, https:\/\/wulkanizacja-rolewski.pl\/wp-content\/uploads\/2024\/10\/339258759_173644735631926_5625775206248668453_n-577x1024.jpg 577w, https:\/\/wulkanizacja-rolewski.pl\/wp-content\/uploads\/2024\/10\/339258759_173644735631926_5625775206248668453_n-768x1364.jpg 768w, https:\/\/wulkanizacja-rolewski.pl\/wp-content\/uploads\/2024\/10\/339258759_173644735631926_5625775206248668453_n-865x1536.jpg 865w\" sizes=\"(max-width: 1153px) 100vw, 1153px\" \/><\/a>\n\t\t\t<\/div><\/figure><figure class='gallery-item'>\n\t\t\t<div class='gallery-icon portrait'>\n\t\t\t\t<a data-elementor-open-lightbox=\"yes\" data-elementor-lightbox-slideshow=\"7367ff3\" data-elementor-lightbox-title=\"339271008_129312463443560_1228980580196275455_n\" data-e-action-hash=\"#elementor-action%3Aaction%3Dlightbox%26settings%3DeyJpZCI6MTE4NCwidXJsIjoiaHR0cHM6XC9cL3d1bGthbml6YWNqYS1yb2xld3NraS5wbFwvd3AtY29udGVudFwvdXBsb2Fkc1wvMjAyNFwvMTBcLzMzOTI3MTAwOF8xMjkzMTI0NjM0NDM1NjBfMTIyODk4MDU4MDE5NjI3NTQ1NV9uLmpwZyIsInNsaWRlc2hvdyI6IjczNjdmZjMifQ%3D%3D\" href='https:\/\/wulkanizacja-rolewski.pl\/wp-content\/uploads\/2024\/10\/339271008_129312463443560_1228980580196275455_n.jpg'><img decoding=\"async\" width=\"1153\" height=\"2048\" src=\"https:\/\/wulkanizacja-rolewski.pl\/wp-content\/uploads\/2024\/10\/339271008_129312463443560_1228980580196275455_n.jpg\" class=\"attachment-full size-full\" alt=\"\" srcset=\"https:\/\/wulkanizacja-rolewski.pl\/wp-content\/uploads\/2024\/10\/339271008_129312463443560_1228980580196275455_n.jpg 1153w, https:\/\/wulkanizacja-rolewski.pl\/wp-content\/uploads\/2024\/10\/339271008_129312463443560_1228980580196275455_n-169x300.jpg 169w, https:\/\/wulkanizacja-rolewski.pl\/wp-content\/uploads\/2024\/10\/339271008_129312463443560_1228980580196275455_n-577x1024.jpg 577w, https:\/\/wulkanizacja-rolewski.pl\/wp-content\/uploads\/2024\/10\/339271008_129312463443560_1228980580196275455_n-768x1364.jpg 768w, https:\/\/wulkanizacja-rolewski.pl\/wp-content\/uploads\/2024\/10\/339271008_129312463443560_1228980580196275455_n-865x1536.jpg 865w\" sizes=\"(max-width: 1153px) 100vw, 1153px\" \/><\/a>\n\t\t\t<\/div><\/figure><figure class='gallery-item'>\n\t\t\t<div class='gallery-icon portrait'>\n\t\t\t\t<a data-elementor-open-lightbox=\"yes\" data-elementor-lightbox-slideshow=\"7367ff3\" data-elementor-lightbox-title=\"338544646_780412143166667_1873846189292312215_n\" data-e-action-hash=\"#elementor-action%3Aaction%3Dlightbox%26settings%3DeyJpZCI6MTE4NSwidXJsIjoiaHR0cHM6XC9cL3d1bGthbml6YWNqYS1yb2xld3NraS5wbFwvd3AtY29udGVudFwvdXBsb2Fkc1wvMjAyNFwvMTBcLzMzODU0NDY0Nl83ODA0MTIxNDMxNjY2NjdfMTg3Mzg0NjE4OTI5MjMxMjIxNV9uLTEucG5nIiwic2xpZGVzaG93IjoiNzM2N2ZmMyJ9\" href='https:\/\/wulkanizacja-rolewski.pl\/wp-content\/uploads\/2024\/10\/338544646_780412143166667_1873846189292312215_n-1.png'><img loading=\"lazy\" decoding=\"async\" width=\"1153\" height=\"1443\" src=\"https:\/\/wulkanizacja-rolewski.pl\/wp-content\/uploads\/2024\/10\/338544646_780412143166667_1873846189292312215_n-1.png\" class=\"attachment-full size-full\" alt=\"\" srcset=\"https:\/\/wulkanizacja-rolewski.pl\/wp-content\/uploads\/2024\/10\/338544646_780412143166667_1873846189292312215_n-1.png 1153w, https:\/\/wulkanizacja-rolewski.pl\/wp-content\/uploads\/2024\/10\/338544646_780412143166667_1873846189292312215_n-1-240x300.png 240w, https:\/\/wulkanizacja-rolewski.pl\/wp-content\/uploads\/2024\/10\/338544646_780412143166667_1873846189292312215_n-1-818x1024.png 818w, https:\/\/wulkanizacja-rolewski.pl\/wp-content\/uploads\/2024\/10\/338544646_780412143166667_1873846189292312215_n-1-768x961.png 768w\" sizes=\"(max-width: 1153px) 100vw, 1153px\" \/><\/a>\n\t\t\t<\/div><\/figure>\n\t\t<\/div>\n\t\t<\/div>\n\t\t\t\t<\/div>\n\t\t\t\t<\/div>\n\t\t\t\t\t<\/div>\n\t\t\t\t<\/div>\n\t\t\t\t\t<\/div>\n\t\t\t\t<\/div>\n\t\t\t\t<\/div>\n\t\t","protected":false},"excerpt":{"rendered":"<p>Realizacje Zapraszamy do zapoznania si\u0119 z naszymi dotychczasowymi realizacjami, kt\u00f3re potwierdzaj\u0105 nasz\u0105 solidno\u015b\u0107, niezawodno\u015b\u0107 i zaanga\u017cowanie. Ka\u017cda interwencja to przyk\u0142ad fachowej obs\u0142ugi i dba\u0142o\u015bci o bezpiecze\u0144stwo na drodze \u2013 zobacz, jak pracujemy! Dowiedz si\u0119 wi\u0119cej Galeria<\/p>\n","protected":false},"author":1,"featured_media":0,"parent":0,"menu_order":0,"comment_status":"closed","ping_status":"closed","template":"elementor_canvas","meta":{"footnotes":""},"class_list":["post-1221","page","type-page","status-publish","hentry"],"_links":{"self":[{"href":"https:\/\/wulkanizacja-rolewski.pl\/index.php?rest_route=\/wp\/v2\/pages\/1221","targetHints":{"allow":["GET"]}}],"collection":[{"href":"https:\/\/wulkanizacja-rolewski.pl\/index.php?rest_route=\/wp\/v2\/pages"}],"about":[{"href":"https:\/\/wulkanizacja-rolewski.pl\/index.php?rest_route=\/wp\/v2\/types\/page"}],"author":[{"embeddable":true,"href":"https:\/\/wulkanizacja-rolewski.pl\/index.php?rest_route=\/wp\/v2\/users\/1"}],"replies":[{"embeddable":true,"href":"https:\/\/wulkanizacja-rolewski.pl\/index.php?rest_route=%2Fwp%2Fv2%2Fcomments&post=1221"}],"version-history":[{"count":7,"href":"https:\/\/wulkanizacja-rolewski.pl\/index.php?rest_route=\/wp\/v2\/pages\/1221\/revisions"}],"predecessor-version":[{"id":1256,"href":"https:\/\/wulkanizacja-rolewski.pl\/index.php?rest_route=\/wp\/v2\/pages\/1221\/revisions\/1256"}],"wp:attachment":[{"href":"https:\/\/wulkanizacja-rolewski.pl\/index.php?rest_route=%2Fwp%2Fv2%2Fmedia&parent=1221"}],"curies":[{"name":"wp","href":"https:\/\/api.w.org\/{rel}","templated":true}]}}