{"id":1215,"date":"2024-10-04T22:08:13","date_gmt":"2024-10-04T20:08:13","guid":{"rendered":"https:\/\/wulkanizacja-rolewski.pl\/?page_id=1215"},"modified":"2024-11-03T22:04:27","modified_gmt":"2024-11-03T21:04:27","slug":"zakres-uslug","status":"publish","type":"page","link":"https:\/\/wulkanizacja-rolewski.pl\/?page_id=1215","title":{"rendered":"Zakres us\u0142ug"},"content":{"rendered":"\t\t<div data-elementor-type=\"wp-page\" data-elementor-id=\"1215\" class=\"elementor elementor-1215\">\n\t\t\t\t<div class=\"elementor-element elementor-element-6797409 e-con-full e-flex wpr-particle-no wpr-jarallax-no wpr-parallax-no wpr-sticky-section-no e-con e-parent\" data-id=\"6797409\" data-element_type=\"container\" data-settings=\"{&quot;background_background&quot;:&quot;slideshow&quot;,&quot;background_slideshow_gallery&quot;:[{&quot;id&quot;:1168,&quot;url&quot;:&quot;https:\\\/\\\/wulkanizacja-rolewski.pl\\\/wp-content\\\/uploads\\\/2024\\\/10\\\/351321963_630767512060052_522086276442949422_n-1.jpg&quot;},{&quot;id&quot;:1167,&quot;url&quot;:&quot;https:\\\/\\\/wulkanizacja-rolewski.pl\\\/wp-content\\\/uploads\\\/2024\\\/10\\\/351321963_630767512060052_522086276442949422_n.jpg&quot;}],&quot;background_slideshow_ken_burns&quot;:&quot;yes&quot;,&quot;background_slideshow_loop&quot;:&quot;yes&quot;,&quot;background_slideshow_slide_duration&quot;:5000,&quot;background_slideshow_slide_transition&quot;:&quot;fade&quot;,&quot;background_slideshow_transition_duration&quot;:500,&quot;background_slideshow_ken_burns_zoom_direction&quot;:&quot;in&quot;}\">\n\t\t\t\t<div class=\"elementor-element elementor-element-757cea0 elementor-widget elementor-widget-heading\" data-id=\"757cea0\" data-element_type=\"widget\" data-widget_type=\"heading.default\">\n\t\t\t\t<div class=\"elementor-widget-container\">\n\t\t\t<h1 class=\"elementor-heading-title elementor-size-default\">Zakres uslug<\/h1>\t\t<\/div>\n\t\t\t\t<\/div>\n\t\t\t\t<div class=\"elementor-element elementor-element-53936b7 elementor-widget elementor-widget-text-editor\" data-id=\"53936b7\" data-element_type=\"widget\" data-widget_type=\"text-editor.default\">\n\t\t\t\t<div class=\"elementor-widget-container\">\n\t\t\t\t\t\t\t<div class=\"flex max-w-full flex-col flex-grow\"><div class=\"min-h-8 text-message flex w-full flex-col items-end gap-2 whitespace-normal break-words [.text-message+&amp;]:mt-5\" dir=\"auto\" data-message-author-role=\"assistant\" data-message-id=\"22fc14ee-bbb8-4928-a377-dcf61051f63c\"><div class=\"flex w-full flex-col gap-1 empty:hidden first:pt-[3px]\"><div class=\"markdown prose w-full break-words dark:prose-invert light\"><p style=\"text-align: center;\">Oferujemy kompleksow\u0105 obs\u0142ug\u0119 \u2013 od wymiany opon i serwisu hamulc\u00f3w, po drobne naprawy na miejscu i transport towar\u00f3w. Zaufaj profesjonalistom dost\u0119pnym 24\/7!<\/p><\/div><\/div><\/div><\/div>\t\t\t\t\t\t<\/div>\n\t\t\t\t<\/div>\n\t\t\t\t<div class=\"elementor-element elementor-element-9e16a71 elementor-widget elementor-widget-button\" data-id=\"9e16a71\" data-element_type=\"widget\" data-widget_type=\"button.default\">\n\t\t\t\t<div class=\"elementor-widget-container\">\n\t\t\t\t\t<div class=\"elementor-button-wrapper\">\n\t\t\t<a class=\"elementor-button elementor-button-link elementor-size-sm\" href=\"#wiecej\">\n\t\t\t\t\t\t<span class=\"elementor-button-content-wrapper\">\n\t\t\t\t\t\t\t\t\t<span class=\"elementor-button-text\">Dowiedz si\u0119 wi\u0119cej<\/span>\n\t\t\t\t\t<\/span>\n\t\t\t\t\t<\/a>\n\t\t<\/div>\n\t\t\t\t<\/div>\n\t\t\t\t<\/div>\n\t\t\t\t<div class=\"elementor-element elementor-element-beebdc1 elementor-widget elementor-widget-menu-anchor\" data-id=\"beebdc1\" data-element_type=\"widget\" data-widget_type=\"menu-anchor.default\">\n\t\t\t\t<div class=\"elementor-widget-container\">\n\t\t\t\t\t<div class=\"elementor-menu-anchor\" id=\"wiecej\"><\/div>\n\t\t\t\t<\/div>\n\t\t\t\t<\/div>\n\t\t\t\t<\/div>\n\t\t<div class=\"elementor-element elementor-element-2edab0d e-flex e-con-boxed wpr-particle-no wpr-jarallax-no wpr-parallax-no wpr-sticky-section-no e-con e-parent\" data-id=\"2edab0d\" data-element_type=\"container\">\n\t\t\t\t\t<div class=\"e-con-inner\">\n\t\t<div class=\"elementor-element elementor-element-2c4c812 e-flex e-con-boxed wpr-particle-no wpr-jarallax-no wpr-parallax-no wpr-sticky-section-no elementor-invisible e-con e-child\" data-id=\"2c4c812\" data-element_type=\"container\" data-settings=\"{&quot;animation&quot;:&quot;slideInLeft&quot;}\">\n\t\t\t\t\t<div class=\"e-con-inner\">\n\t\t\t\t<div class=\"elementor-element elementor-element-7d6a2c7 elementor-widget elementor-widget-heading\" data-id=\"7d6a2c7\" data-element_type=\"widget\" data-widget_type=\"heading.default\">\n\t\t\t\t<div class=\"elementor-widget-container\">\n\t\t\t<h2 class=\"elementor-heading-title elementor-size-default\">Oferta<\/h2>\t\t<\/div>\n\t\t\t\t<\/div>\n\t\t\t\t<div class=\"elementor-element elementor-element-8635000 elementor-widget elementor-widget-heading\" data-id=\"8635000\" data-element_type=\"widget\" data-widget_type=\"heading.default\">\n\t\t\t\t<div class=\"elementor-widget-container\">\n\t\t\t<h2 class=\"elementor-heading-title elementor-size-default\">Mobilna wulkanizacja<\/h2>\t\t<\/div>\n\t\t\t\t<\/div>\n\t\t\t\t<div class=\"elementor-element elementor-element-21bb5ae elementor-widget elementor-widget-text-editor\" data-id=\"21bb5ae\" data-element_type=\"widget\" data-widget_type=\"text-editor.default\">\n\t\t\t\t<div class=\"elementor-widget-container\">\n\t\t\t\t\t\t\t<p style=\"text-align: justify;\">Nasza mobilna wulkanizacja to us\u0142uga stworzona z my\u015bl\u0105 o kierowcach, kt\u00f3rzy ceni\u0105 sobie czas, wygod\u0119 i bezpiecze\u0144stwo. \u015awiadczymy <strong>szybk\u0105 i profesjonaln\u0105 wymian\u0119 opon<\/strong> bez wzgl\u0119du na to, gdzie aktualnie si\u0119 znajdujesz. Dzi\u0119ki mobilnemu charakterowi naszych dzia\u0142a\u0144, nie musisz ju\u017c martwi\u0107 si\u0119 o to, \u017ce niespodziewana awaria opony zatrzyma Ci\u0119 na d\u0142ugo \u2013 wystarczy kontakt telefoniczny, a nasz zesp\u00f3\u0142 zjawi si\u0119 na miejscu, by natychmiast rozwi\u0105za\u0107 problem. Obs\u0142ugujemy <strong>samochody osobowe<\/strong> i <strong>ci\u0119\u017carowe<\/strong>, a tak\u017ce <strong>maszyny rolnicze i budowlane<\/strong>, co pozwala nam \u015bwiadczy\u0107 kompleksowe us\u0142ugi zar\u00f3wno dla klient\u00f3w indywidualnych, jak i biznesowych. Nasza wymiana opon jest szybka i sprawna, a jednocze\u015bnie przeprowadzana z najwy\u017csz\u0105 dba\u0142o\u015bci\u0105 o szczeg\u00f3\u0142y, dzi\u0119ki czemu mo\u017cesz mie\u0107 pewno\u015b\u0107, \u017ce Tw\u00f3j pojazd wr\u00f3ci na drog\u0119 w pe\u0142ni sprawny i bezpieczny.<\/p>\t\t\t\t\t\t<\/div>\n\t\t\t\t<\/div>\n\t\t\t\t<div class=\"elementor-element elementor-element-ea6f8a4 elementor-widget elementor-widget-heading\" data-id=\"ea6f8a4\" data-element_type=\"widget\" data-widget_type=\"heading.default\">\n\t\t\t\t<div class=\"elementor-widget-container\">\n\t\t\t<h2 class=\"elementor-heading-title elementor-size-default\">Pomoc drogowa 24h\/7<\/h2>\t\t<\/div>\n\t\t\t\t<\/div>\n\t\t\t\t<div class=\"elementor-element elementor-element-c02cc61 elementor-widget elementor-widget-text-editor\" data-id=\"c02cc61\" data-element_type=\"widget\" data-widget_type=\"text-editor.default\">\n\t\t\t\t<div class=\"elementor-widget-container\">\n\t\t\t\t\t\t\t<p style=\"text-align: justify;\">Wiemy, jak nieprzewidywalne mog\u0105 by\u0107 sytuacje na drodze, dlatego nasza <strong>pomoc drogowa<\/strong> dzia\u0142a <strong>ca\u0142odobowo<\/strong>, by by\u0107 do Twojej dyspozycji o ka\u017cdej porze dnia i nocy. Oferujemy wsparcie w przypadku nag\u0142ych awarii na trasie \u2013 od usuni\u0119cia drobnych usterek po diagnostyk\u0119 i naprawy, kt\u00f3re jeste\u015bmy w stanie przeprowadzi\u0107 bezpo\u015brednio na miejscu zdarzenia. Nasz priorytet to szybka reakcja i <strong>profesjonalna obs\u0142uga<\/strong>, dlatego nasze us\u0142ugi s\u0105 skierowane do wszystkich, kt\u00f3rzy szukaj\u0105 niezawodnego partnera na drodze. Dysponujemy nowoczesnym sprz\u0119tem i wykwalifikowanym personelem, kt\u00f3ry potrafi skutecznie rozwi\u0105za\u0107 niemal ka\u017cd\u0105 drobn\u0105 awari\u0119, dzi\u0119ki czemu nie musisz martwi\u0107 si\u0119 o d\u0142ugie przerwy w podr\u00f3\u017cy. Dzia\u0142amy w P\u0142ocku i okolicach, ale jeste\u015bmy gotowi wyruszy\u0107 w ka\u017cde miejsce, by zapewni\u0107 pomoc techniczn\u0105 tam, gdzie jest najbardziej potrzebna.<\/p>\t\t\t\t\t\t<\/div>\n\t\t\t\t<\/div>\n\t\t\t\t<div class=\"elementor-element elementor-element-37f12eb elementor-widget elementor-widget-heading\" data-id=\"37f12eb\" data-element_type=\"widget\" data-widget_type=\"heading.default\">\n\t\t\t\t<div class=\"elementor-widget-container\">\n\t\t\t<h2 class=\"elementor-heading-title elementor-size-default\">Serwis hamulc\u00f3w<\/h2>\t\t<\/div>\n\t\t\t\t<\/div>\n\t\t\t\t<div class=\"elementor-element elementor-element-3f9c860 elementor-widget elementor-widget-text-editor\" data-id=\"3f9c860\" data-element_type=\"widget\" data-widget_type=\"text-editor.default\">\n\t\t\t\t<div class=\"elementor-widget-container\">\n\t\t\t\t\t\t\t<p style=\"text-align: justify;\">Bezpiecze\u0144stwo na drodze to nasz priorytet, dlatego obok wulkanizacji oferujemy r\u00f3wnie\u017c pe\u0142ny <strong>serwis hamulc\u00f3w<\/strong>. To kluczowa cz\u0119\u015b\u0107 ka\u017cdej podr\u00f3\u017cy, niezale\u017cnie od rodzaju pojazdu, dlatego nasz zesp\u00f3\u0142 przeprowadza <strong>wymian\u0119 tarcz i klock\u00f3w hamulcowych<\/strong> z najwy\u017csz\u0105 precyzj\u0105. Zapewniamy pe\u0142ne wsparcie techniczne, kt\u00f3re pozwala na utrzymanie hamulc\u00f3w w doskona\u0142ym stanie, co przek\u0142ada si\u0119 bezpo\u015brednio na komfort i bezpiecze\u0144stwo jazdy. Korzystaj\u0105c z naszej oferty serwisu hamulc\u00f3w, zyskujesz pewno\u015b\u0107, \u017ce Tw\u00f3j pojazd zachowa pe\u0142n\u0105 sprawno\u015b\u0107 na drodze. Wykorzystujemy tylko sprawdzone narz\u0119dzia i cz\u0119\u015bci zamienne, dbaj\u0105c o to, aby ka\u017cdy element zosta\u0142 w\u0142a\u015bciwie zamontowany i dzia\u0142a\u0142 bez zarzutu. Oferujemy indywidualne podej\u015bcie do ka\u017cdej naprawy, by mie\u0107 pewno\u015b\u0107, \u017ce ka\u017cda podr\u00f3\u017c Twoim pojazdem jest tak bezpieczna, jak to tylko mo\u017cliwe.<\/p>\t\t\t\t\t\t<\/div>\n\t\t\t\t<\/div>\n\t\t\t\t<div class=\"elementor-element elementor-element-5c07c28 elementor-widget elementor-widget-heading\" data-id=\"5c07c28\" data-element_type=\"widget\" data-widget_type=\"heading.default\">\n\t\t\t\t<div class=\"elementor-widget-container\">\n\t\t\t<h2 class=\"elementor-heading-title elementor-size-default\">Transport towar\u00f3w<\/h2>\t\t<\/div>\n\t\t\t\t<\/div>\n\t\t\t\t<div class=\"elementor-element elementor-element-a1e3b66 elementor-widget elementor-widget-text-editor\" data-id=\"a1e3b66\" data-element_type=\"widget\" data-widget_type=\"text-editor.default\">\n\t\t\t\t<div class=\"elementor-widget-container\">\n\t\t\t\t\t\t\t<p style=\"text-align: justify;\">Rozumiemy, jak istotne dla naszych klient\u00f3w mog\u0105 by\u0107 kwestie transportu towar\u00f3w, dlatego w naszej ofercie znajduj\u0105 si\u0119 tak\u017ce <strong>us\u0142ugi transportowe<\/strong>. Posiadamy <strong>ci\u0119\u017car\u00f3wki typu kontener z wind\u0105 do palet<\/strong>, co umo\u017cliwia bezpieczny i sprawny przew\u00f3z towar\u00f3w o r\u00f3\u017cnej wadze i gabarytach. To rozwi\u0105zanie, kt\u00f3re jest idealne dla klient\u00f3w indywidualnych oraz firm potrzebuj\u0105cych niezawodnego przewo\u017anika, kt\u00f3ry zadba o ka\u017cdy szczeg\u00f3\u0142 transportu. Nasze pojazdy s\u0105 regularnie serwisowane i spe\u0142niaj\u0105 wszystkie normy bezpiecze\u0144stwa, dzi\u0119ki czemu mo\u017cesz mie\u0107 pewno\u015b\u0107, \u017ce Tw\u00f3j \u0142adunek dotrze do celu bezpiecznie i na czas. Dodatkowo, nasz zesp\u00f3\u0142 to wykwalifikowani kierowcy i specjali\u015bci od za\u0142adunku i roz\u0142adunku, co sprawia, \u017ce ka\u017cdy transport przebiega sprawnie, bez zb\u0119dnych komplikacji. Dbamy o terminowo\u015b\u0107 i elastyczno\u015b\u0107, dostosowuj\u0105c nasz\u0105 ofert\u0119 do indywidualnych potrzeb i harmonogramu naszych klient\u00f3w.<\/p>\t\t\t\t\t\t<\/div>\n\t\t\t\t<\/div>\n\t\t\t\t\t<\/div>\n\t\t\t\t<\/div>\n\t\t\t\t\t<\/div>\n\t\t\t\t<\/div>\n\t\t\t\t<\/div>\n\t\t","protected":false},"excerpt":{"rendered":"<p>Zakres uslug Oferujemy kompleksow\u0105 obs\u0142ug\u0119 \u2013 od wymiany opon i serwisu hamulc\u00f3w, po drobne naprawy na miejscu i transport towar\u00f3w. Zaufaj profesjonalistom dost\u0119pnym 24\/7! Dowiedz si\u0119 wi\u0119cej Oferta Mobilna wulkanizacja Nasza mobilna wulkanizacja to us\u0142uga stworzona z my\u015bl\u0105 o kierowcach, kt\u00f3rzy ceni\u0105 sobie czas, wygod\u0119 i bezpiecze\u0144stwo. \u015awiadczymy szybk\u0105 i profesjonaln\u0105 wymian\u0119 opon bez wzgl\u0119du na to, gdzie aktualnie si\u0119 znajdujesz. Dzi\u0119ki mobilnemu charakterowi naszych dzia\u0142a\u0144, nie musisz ju\u017c martwi\u0107 si\u0119 o to, \u017ce niespodziewana awaria opony zatrzyma Ci\u0119 na d\u0142ugo \u2013 wystarczy kontakt telefoniczny, a nasz zesp\u00f3\u0142 zjawi si\u0119 na miejscu, by natychmiast rozwi\u0105za\u0107 problem. Obs\u0142ugujemy samochody osobowe i ci\u0119\u017carowe, a tak\u017ce maszyny rolnicze i budowlane, co pozwala nam \u015bwiadczy\u0107 kompleksowe us\u0142ugi zar\u00f3wno dla klient\u00f3w indywidualnych, jak i biznesowych. Nasza wymiana opon jest szybka i sprawna, a jednocze\u015bnie przeprowadzana z najwy\u017csz\u0105 dba\u0142o\u015bci\u0105 o szczeg\u00f3\u0142y, dzi\u0119ki czemu mo\u017cesz mie\u0107 pewno\u015b\u0107, \u017ce Tw\u00f3j pojazd wr\u00f3ci na drog\u0119 w pe\u0142ni sprawny i bezpieczny. Pomoc drogowa 24h\/7 Wiemy, jak nieprzewidywalne mog\u0105 by\u0107 sytuacje na drodze, dlatego nasza pomoc drogowa dzia\u0142a ca\u0142odobowo, by by\u0107 do Twojej dyspozycji o ka\u017cdej porze dnia i nocy. Oferujemy wsparcie w przypadku nag\u0142ych awarii na trasie \u2013 od usuni\u0119cia drobnych usterek po diagnostyk\u0119 i naprawy, kt\u00f3re jeste\u015bmy w stanie przeprowadzi\u0107 bezpo\u015brednio na miejscu zdarzenia. Nasz priorytet to szybka reakcja i profesjonalna obs\u0142uga, dlatego nasze us\u0142ugi s\u0105 skierowane do wszystkich, kt\u00f3rzy szukaj\u0105 niezawodnego partnera na drodze. Dysponujemy nowoczesnym sprz\u0119tem i wykwalifikowanym personelem, kt\u00f3ry potrafi skutecznie rozwi\u0105za\u0107 niemal ka\u017cd\u0105 drobn\u0105 awari\u0119, dzi\u0119ki czemu nie musisz martwi\u0107 si\u0119 o d\u0142ugie przerwy w podr\u00f3\u017cy. Dzia\u0142amy w P\u0142ocku i okolicach, ale jeste\u015bmy gotowi wyruszy\u0107 w ka\u017cde miejsce, by zapewni\u0107 pomoc techniczn\u0105 tam, gdzie jest najbardziej potrzebna. Serwis hamulc\u00f3w Bezpiecze\u0144stwo na drodze to nasz priorytet, dlatego obok wulkanizacji oferujemy r\u00f3wnie\u017c pe\u0142ny serwis hamulc\u00f3w. To kluczowa cz\u0119\u015b\u0107 ka\u017cdej podr\u00f3\u017cy, niezale\u017cnie od rodzaju pojazdu, dlatego nasz zesp\u00f3\u0142 przeprowadza wymian\u0119 tarcz i klock\u00f3w hamulcowych z najwy\u017csz\u0105 precyzj\u0105. Zapewniamy pe\u0142ne wsparcie techniczne, kt\u00f3re pozwala na utrzymanie hamulc\u00f3w w doskona\u0142ym stanie, co przek\u0142ada si\u0119 bezpo\u015brednio na komfort i bezpiecze\u0144stwo jazdy. Korzystaj\u0105c z naszej oferty serwisu hamulc\u00f3w, zyskujesz pewno\u015b\u0107, \u017ce Tw\u00f3j pojazd zachowa pe\u0142n\u0105 sprawno\u015b\u0107 na drodze. Wykorzystujemy tylko sprawdzone narz\u0119dzia i cz\u0119\u015bci zamienne, dbaj\u0105c o to, aby ka\u017cdy element zosta\u0142 w\u0142a\u015bciwie zamontowany i dzia\u0142a\u0142 bez zarzutu. Oferujemy indywidualne podej\u015bcie do ka\u017cdej naprawy, by mie\u0107 pewno\u015b\u0107, \u017ce ka\u017cda podr\u00f3\u017c Twoim pojazdem jest tak bezpieczna, jak to tylko mo\u017cliwe. Transport towar\u00f3w Rozumiemy, jak istotne dla naszych klient\u00f3w mog\u0105 by\u0107 kwestie transportu towar\u00f3w, dlatego w naszej ofercie znajduj\u0105 si\u0119 tak\u017ce us\u0142ugi transportowe. Posiadamy ci\u0119\u017car\u00f3wki typu kontener z wind\u0105 do palet, co umo\u017cliwia bezpieczny i sprawny przew\u00f3z towar\u00f3w o r\u00f3\u017cnej wadze i gabarytach. To rozwi\u0105zanie, kt\u00f3re jest idealne dla klient\u00f3w indywidualnych oraz firm potrzebuj\u0105cych niezawodnego przewo\u017anika, kt\u00f3ry zadba o ka\u017cdy szczeg\u00f3\u0142 transportu. Nasze pojazdy s\u0105 regularnie serwisowane i spe\u0142niaj\u0105 wszystkie normy bezpiecze\u0144stwa, dzi\u0119ki czemu mo\u017cesz mie\u0107 pewno\u015b\u0107, \u017ce Tw\u00f3j \u0142adunek dotrze do celu bezpiecznie i na czas. Dodatkowo, nasz zesp\u00f3\u0142 to wykwalifikowani kierowcy i specjali\u015bci od za\u0142adunku i roz\u0142adunku, co sprawia, \u017ce ka\u017cdy transport przebiega sprawnie, bez zb\u0119dnych komplikacji. Dbamy o terminowo\u015b\u0107 i elastyczno\u015b\u0107, dostosowuj\u0105c nasz\u0105 ofert\u0119 do indywidualnych potrzeb i harmonogramu naszych klient\u00f3w.<\/p>\n","protected":false},"author":1,"featured_media":0,"parent":0,"menu_order":0,"comment_status":"closed","ping_status":"closed","template":"elementor_canvas","meta":{"footnotes":""},"class_list":["post-1215","page","type-page","status-publish","hentry"],"_links":{"self":[{"href":"https:\/\/wulkanizacja-rolewski.pl\/index.php?rest_route=\/wp\/v2\/pages\/1215","targetHints":{"allow":["GET"]}}],"collection":[{"href":"https:\/\/wulkanizacja-rolewski.pl\/index.php?rest_route=\/wp\/v2\/pages"}],"about":[{"href":"https:\/\/wulkanizacja-rolewski.pl\/index.php?rest_route=\/wp\/v2\/types\/page"}],"author":[{"embeddable":true,"href":"https:\/\/wulkanizacja-rolewski.pl\/index.php?rest_route=\/wp\/v2\/users\/1"}],"replies":[{"embeddable":true,"href":"https:\/\/wulkanizacja-rolewski.pl\/index.php?rest_route=%2Fwp%2Fv2%2Fcomments&post=1215"}],"version-history":[{"count":7,"href":"https:\/\/wulkanizacja-rolewski.pl\/index.php?rest_route=\/wp\/v2\/pages\/1215\/revisions"}],"predecessor-version":[{"id":1253,"href":"https:\/\/wulkanizacja-rolewski.pl\/index.php?rest_route=\/wp\/v2\/pages\/1215\/revisions\/1253"}],"wp:attachment":[{"href":"https:\/\/wulkanizacja-rolewski.pl\/index.php?rest_route=%2Fwp%2Fv2%2Fmedia&parent=1215"}],"curies":[{"name":"wp","href":"https:\/\/api.w.org\/{rel}","templated":true}]}}