{"id":1209,"date":"2024-10-04T22:00:52","date_gmt":"2024-10-04T20:00:52","guid":{"rendered":"https:\/\/wulkanizacja-rolewski.pl\/?page_id=1209"},"modified":"2024-11-03T22:04:12","modified_gmt":"2024-11-03T21:04:12","slug":"o-firmie","status":"publish","type":"page","link":"https:\/\/wulkanizacja-rolewski.pl\/?page_id=1209","title":{"rendered":"O firmie"},"content":{"rendered":"\t\t<div data-elementor-type=\"wp-page\" data-elementor-id=\"1209\" class=\"elementor elementor-1209\">\n\t\t\t\t<div class=\"elementor-element elementor-element-6797409 e-con-full e-flex wpr-particle-no wpr-jarallax-no wpr-parallax-no wpr-sticky-section-no e-con e-parent\" data-id=\"6797409\" data-element_type=\"container\" data-settings=\"{&quot;background_background&quot;:&quot;slideshow&quot;,&quot;background_slideshow_gallery&quot;:[{&quot;id&quot;:1168,&quot;url&quot;:&quot;https:\\\/\\\/wulkanizacja-rolewski.pl\\\/wp-content\\\/uploads\\\/2024\\\/10\\\/351321963_630767512060052_522086276442949422_n-1.jpg&quot;},{&quot;id&quot;:1167,&quot;url&quot;:&quot;https:\\\/\\\/wulkanizacja-rolewski.pl\\\/wp-content\\\/uploads\\\/2024\\\/10\\\/351321963_630767512060052_522086276442949422_n.jpg&quot;}],&quot;background_slideshow_ken_burns&quot;:&quot;yes&quot;,&quot;background_slideshow_loop&quot;:&quot;yes&quot;,&quot;background_slideshow_slide_duration&quot;:5000,&quot;background_slideshow_slide_transition&quot;:&quot;fade&quot;,&quot;background_slideshow_transition_duration&quot;:500,&quot;background_slideshow_ken_burns_zoom_direction&quot;:&quot;in&quot;}\">\n\t\t\t\t<div class=\"elementor-element elementor-element-757cea0 elementor-widget elementor-widget-heading\" data-id=\"757cea0\" data-element_type=\"widget\" data-widget_type=\"heading.default\">\n\t\t\t\t<div class=\"elementor-widget-container\">\n\t\t\t<h1 class=\"elementor-heading-title elementor-size-default\">O firmie<\/h1>\t\t<\/div>\n\t\t\t\t<\/div>\n\t\t\t\t<div class=\"elementor-element elementor-element-53936b7 elementor-widget elementor-widget-text-editor\" data-id=\"53936b7\" data-element_type=\"widget\" data-widget_type=\"text-editor.default\">\n\t\t\t\t<div class=\"elementor-widget-container\">\n\t\t\t\t\t\t\t<div class=\"flex max-w-full flex-col flex-grow\"><div class=\"min-h-8 text-message flex w-full flex-col items-end gap-2 whitespace-normal break-words [.text-message+&amp;]:mt-5\" dir=\"auto\" data-message-author-role=\"assistant\" data-message-id=\"22fc14ee-bbb8-4928-a377-dcf61051f63c\"><div class=\"flex w-full flex-col gap-1 empty:hidden first:pt-[3px]\"><div class=\"markdown prose w-full break-words dark:prose-invert light\"><p style=\"text-align: center;\">Szybko reagujemy na potrzeby kierowc\u00f3w \u2013 wymieniamy opony, serwisujemy hamulce i naprawiamy usterki na trasie, zapewniaj\u0105c wsparcie 24\/7. Poznaj nasz\u0105 firm\u0119 i dowiedz si\u0119 kim jeste\u015bmy<\/p><\/div><\/div><\/div><\/div>\t\t\t\t\t\t<\/div>\n\t\t\t\t<\/div>\n\t\t\t\t<div class=\"elementor-element elementor-element-9e16a71 elementor-widget elementor-widget-button\" data-id=\"9e16a71\" data-element_type=\"widget\" data-widget_type=\"button.default\">\n\t\t\t\t<div class=\"elementor-widget-container\">\n\t\t\t\t\t<div class=\"elementor-button-wrapper\">\n\t\t\t<a class=\"elementor-button elementor-button-link elementor-size-sm\" href=\"#wiecej\">\n\t\t\t\t\t\t<span class=\"elementor-button-content-wrapper\">\n\t\t\t\t\t\t\t\t\t<span class=\"elementor-button-text\">Dowiedz si\u0119 wi\u0119cej<\/span>\n\t\t\t\t\t<\/span>\n\t\t\t\t\t<\/a>\n\t\t<\/div>\n\t\t\t\t<\/div>\n\t\t\t\t<\/div>\n\t\t\t\t<div class=\"elementor-element elementor-element-beebdc1 elementor-widget elementor-widget-menu-anchor\" data-id=\"beebdc1\" data-element_type=\"widget\" data-widget_type=\"menu-anchor.default\">\n\t\t\t\t<div class=\"elementor-widget-container\">\n\t\t\t\t\t<div class=\"elementor-menu-anchor\" id=\"wiecej\"><\/div>\n\t\t\t\t<\/div>\n\t\t\t\t<\/div>\n\t\t\t\t<\/div>\n\t\t<div class=\"elementor-element elementor-element-2edab0d e-flex e-con-boxed wpr-particle-no wpr-jarallax-no wpr-parallax-no wpr-sticky-section-no e-con e-parent\" data-id=\"2edab0d\" data-element_type=\"container\">\n\t\t\t\t\t<div class=\"e-con-inner\">\n\t\t<div class=\"elementor-element elementor-element-2c4c812 e-flex e-con-boxed wpr-particle-no wpr-jarallax-no wpr-parallax-no wpr-sticky-section-no elementor-invisible e-con e-child\" data-id=\"2c4c812\" data-element_type=\"container\" data-settings=\"{&quot;animation&quot;:&quot;slideInLeft&quot;}\">\n\t\t\t\t\t<div class=\"e-con-inner\">\n\t\t\t\t<div class=\"elementor-element elementor-element-7d6a2c7 elementor-widget elementor-widget-heading\" data-id=\"7d6a2c7\" data-element_type=\"widget\" data-widget_type=\"heading.default\">\n\t\t\t\t<div class=\"elementor-widget-container\">\n\t\t\t<h2 class=\"elementor-heading-title elementor-size-default\">O nas<\/h2>\t\t<\/div>\n\t\t\t\t<\/div>\n\t\t\t\t<div class=\"elementor-element elementor-element-21bb5ae elementor-widget elementor-widget-text-editor\" data-id=\"21bb5ae\" data-element_type=\"widget\" data-widget_type=\"text-editor.default\">\n\t\t\t\t<div class=\"elementor-widget-container\">\n\t\t\t\t\t\t\t<p style=\"text-align: justify;\">Nasza firma to zesp\u00f3\u0142 specjalist\u00f3w, kt\u00f3rzy z pasj\u0105 i pe\u0142nym zaanga\u017cowaniem \u015bwiadcz\u0105 <strong>mobilne us\u0142ugi wulkanizacyjne i drogow\u0105 pomoc techniczn\u0105<\/strong> dla kierowc\u00f3w z P\u0142ocka i okolic. Naszym celem jest zapewnienie klientom szybkiej i niezawodnej pomocy, dlatego dzia\u0142amy <strong>ca\u0142odobowo<\/strong>, by odpowiada\u0107 na potrzeby kierowc\u00f3w w ka\u017cdej chwili. Zajmujemy si\u0119 <strong>wymian\u0105 opon w samochodach osobowych<\/strong>, ci\u0119\u017carowych, a tak\u017ce w maszynach rolniczych i budowlanych. Dzi\u0119ki temu, niezale\u017cnie od rodzaju pojazdu, nasz zesp\u00f3\u0142 jest w stanie udzieli\u0107 wsparcia technicznego w sytuacjach awaryjnych.<\/p><p style=\"text-align: justify;\">Stawiamy na <strong>profesjonalizm i jako\u015b\u0107 us\u0142ug<\/strong> \u2013 ka\u017cda naprawa i wymiana realizowana jest przez do\u015bwiadczonych mechanik\u00f3w, kt\u00f3rzy posiadaj\u0105 szerok\u0105 wiedz\u0119 oraz niezb\u0119dne umiej\u0119tno\u015bci. Dla nas nie ma sytuacji nie do rozwi\u0105zania, poniewa\u017c dysponujemy nowoczesnym sprz\u0119tem, kt\u00f3ry pozwala nam efektywnie przeprowadzi\u0107 drobne naprawy na miejscu awarii. Zapewniamy tak\u017ce kompleksowy serwis hamulc\u00f3w, oferuj\u0105c <strong>wymian\u0119 tarcz i klock\u00f3w hamulcowych<\/strong>, co wp\u0142ywa na bezpiecze\u0144stwo i pe\u0142n\u0105 sprawno\u015b\u0107 pojazdu. Dzi\u0119ki mobilnemu charakterowi naszej pracy mo\u017cemy pojawi\u0107 si\u0119 na miejscu zdarzenia szybko, oferuj\u0105c wsparcie techniczne tam, gdzie jest to naprawd\u0119 potrzebne.<\/p><p style=\"text-align: justify;\">Nasze us\u0142ugi nie ko\u0144cz\u0105 si\u0119 na pomocy drogowej \u2013 prowadzimy r\u00f3wnie\u017c <strong>us\u0142ugi transportowe<\/strong> dla klient\u00f3w, kt\u00f3rzy potrzebuj\u0105 przetransportowa\u0107 towary. Dysponujemy <strong>samochodami ci\u0119\u017carowymi typu kontener<\/strong> z wind\u0105 do palet, co umo\u017cliwia bezpieczny i wygodny przew\u00f3z \u0142adunk\u00f3w o du\u017cej wadze. Dzi\u0119ki tej us\u0142udze mo\u017cemy odpowiada\u0107 na zr\u00f3\u017cnicowane potrzeby klient\u00f3w, zar\u00f3wno w zakresie drobnych napraw i pomocy na drodze, jak i transportu. Ka\u017cdy klient mo\u017ce liczy\u0107 na <strong>indywidualne podej\u015bcie<\/strong> oraz profesjonalne wsparcie w ka\u017cdej sytuacji na drodze.<\/p>\t\t\t\t\t\t<\/div>\n\t\t\t\t<\/div>\n\t\t\t\t<div class=\"elementor-element elementor-element-f83cf23 elementor-widget elementor-widget-shortcode\" data-id=\"f83cf23\" data-element_type=\"widget\" data-widget_type=\"shortcode.default\">\n\t\t\t\t<div class=\"elementor-widget-container\">\n\t\t\t\t\t<div class=\"elementor-shortcode\"><pre class=\"ti-widget\" style=\"display: none\"><div class=\"ti-widget ti-goog ti-review-text-mode-readmore ti-text-align-left\" data-no-translation=\"true\" data-layout-id=\"13\" data-set-id=\"light-minimal\" data-pid=\"\" data-language=\"pl\" data-version=\"2\" data-review-target-width=\"275\" data-review-text-mode=\"readmore\" data-pager-autoplay-timeout=\"6\" > <div class=\"ti-widget-container ti-col-4\"> <div class=\"ti-footer source-Google\"> <div class=\"ti-row\"> <div class=\"ti-profile-img\"> <img decoding=\"async\" src=\"https:\/\/lh3.googleusercontent.com\/-nGAqENDyqP0\/AAAAAAAAAAI\/AAAAAAAAAAA\/7wrqR7alTSM\/s160-c-k-mo\/photo.jpg\" srcset=\"https:\/\/lh3.googleusercontent.com\/-nGAqENDyqP0\/AAAAAAAAAAI\/AAAAAAAAAAA\/7wrqR7alTSM\/s160-c-k-mo\/photo.jpg 2x\" alt=\"Wulkanizacja mobilna P\u0142ock - Rolewski - mobilny serwis opon P\u0142ock- naprawa opon - sezonowa wymiana opon P\u0142ock\" loading=\"lazy\" \/> <\/div> <div class=\"ti-profile-details\"> <div class=\"ti-name\"> Wulkanizacja mobilna P\u0142ock - Rolewski - mobilny serwis opon P\u0142ock- naprawa opon - sezonowa wymiana opon P\u0142ock<\/div> <span class=\"ti-stars\"><span class=\"ti-star f\"><\/span><span class=\"ti-star f\"><\/span><span class=\"ti-star f\"><\/span><span class=\"ti-star f\"><\/span><span class=\"ti-star f\"><\/span><\/span> <div class=\"ti-rating-text\"> <span class=\"nowrap\"><strong>67 opinii Google<\/strong><\/span> <\/div> <div class=\"ti-header-write-btn-container\"> <a href=\"https:\/\/admin.trustindex.io\/api\/googleWriteReview?place-id=ChIJzxeH80h5HEcRSJwS7S0rYlw\" class=\"ti-header-write-btn\" role=\"button\" aria-label=\"Napisz recenzj\u0119 na platformie Google\" target=\"_blank\" rel=\"noopener\" >Napisz recenzj\u0119<\/a> <\/div>  <\/div> <\/div> <\/div> <div class=\"ti-reviews-container\"> <div class=\"ti-controls\"> <div class=\"ti-next\" aria-label=\"Nast\u0119pna recenzj\u0119\" role=\"button\"><\/div> <div class=\"ti-prev\" aria-label=\"Poprzednia recenzj\u0119\" role=\"button\"><\/div> <\/div> <div class=\"ti-reviews-container-wrapper\">  <div data-empty=\"0\" class=\"ti-review-item source-Google ti-image-layout-thumbnail\" data-id=\"cfcd208495d565ef66e7dff9f98764da\" > <div class=\"ti-inner\"> <div class=\"ti-review-header\"> <div class=\"ti-profile-img\"> <img decoding=\"async\" src=\"https:\/\/lh3.googleusercontent.com\/a\/ACg8ocJEUlCwq_zM6ZNbHQgtv77maXWnGATVgRHYwR6vbFy32Xur-Q=w40-h40-c-rp-mo-br100\" srcset=\"https:\/\/lh3.googleusercontent.com\/a\/ACg8ocJEUlCwq_zM6ZNbHQgtv77maXWnGATVgRHYwR6vbFy32Xur-Q=w80-h80-c-rp-mo-br100 2x\" alt=\"Mateusz Kaczmarek\" loading=\"lazy\" \/> <\/div> <div class=\"ti-profile-details\"> <div class=\"ti-name\"> Mateusz Kaczmarek <\/div> <div class=\"ti-date\">2024-10-01<\/div> <\/div> <\/div> <span class=\"ti-stars\"><span class=\"ti-star f\"><\/span><span class=\"ti-star f\"><\/span><span class=\"ti-star f\"><\/span><span class=\"ti-star f\"><\/span><span class=\"ti-star f\"><\/span><\/span> <div class=\"ti-review-text-container ti-review-content\"><!-- R-CONTENT -->Pan bardzo sympatyczny, us\u0142uga zosta\u0142a zrealizowana szybko i rzetelnie.<!-- R-CONTENT --><\/div> <span class=\"ti-read-more\" data-container=\".ti-review-content\" data-collapse-text=\"Ukryj\" data-open-text=\"Czytaj wi\u0119cej\" ><\/span> <\/div> <\/div>  <div data-empty=\"0\" class=\"ti-review-item source-Google ti-image-layout-thumbnail\" data-id=\"cfcd208495d565ef66e7dff9f98764da\" > <div class=\"ti-inner\"> <div class=\"ti-review-header\"> <div class=\"ti-profile-img\"> <img decoding=\"async\" src=\"https:\/\/lh3.googleusercontent.com\/a\/ACg8ocKyc54hR0RCyBfyButWVimgGgG5E6POblrtxO5ivWtczdQr1w=w40-h40-c-rp-mo-br100\" srcset=\"https:\/\/lh3.googleusercontent.com\/a\/ACg8ocKyc54hR0RCyBfyButWVimgGgG5E6POblrtxO5ivWtczdQr1w=w80-h80-c-rp-mo-br100 2x\" alt=\"Marek Dzia\u0142dowski\" loading=\"lazy\" \/> <\/div> <div class=\"ti-profile-details\"> <div class=\"ti-name\"> Marek Dzia\u0142dowski <\/div> <div class=\"ti-date\">2024-09-30<\/div> <\/div> <\/div> <span class=\"ti-stars\"><span class=\"ti-star f\"><\/span><span class=\"ti-star f\"><\/span><span class=\"ti-star f\"><\/span><span class=\"ti-star f\"><\/span><span class=\"ti-star f\"><\/span><\/span> <div class=\"ti-review-text-container ti-review-content\"><!-- R-CONTENT -->Polecam. Szybko i sprawnie za\u0142atwiona sprawa<!-- R-CONTENT --><\/div> <span class=\"ti-read-more\" data-container=\".ti-review-content\" data-collapse-text=\"Ukryj\" data-open-text=\"Czytaj wi\u0119cej\" ><\/span> <\/div> <\/div>  <div data-empty=\"0\" class=\"ti-review-item source-Google ti-image-layout-thumbnail\" data-id=\"cfcd208495d565ef66e7dff9f98764da\" > <div class=\"ti-inner\"> <div class=\"ti-review-header\"> <div class=\"ti-profile-img\"> <img decoding=\"async\" src=\"https:\/\/lh3.googleusercontent.com\/a\/ACg8ocIQnl0sjdsbiP5akg8I1Q9KVARBeJTD1EmqF1B-RRoZVdcy0A=w40-h40-c-rp-mo-br100\" srcset=\"https:\/\/lh3.googleusercontent.com\/a\/ACg8ocIQnl0sjdsbiP5akg8I1Q9KVARBeJTD1EmqF1B-RRoZVdcy0A=w80-h80-c-rp-mo-br100 2x\" alt=\"Aleksandra Aleksandrowicz\" loading=\"lazy\" \/> <\/div> <div class=\"ti-profile-details\"> <div class=\"ti-name\"> Aleksandra Aleksandrowicz <\/div> <div class=\"ti-date\">2024-09-25<\/div> <\/div> <\/div> <span class=\"ti-stars\"><span class=\"ti-star f\"><\/span><span class=\"ti-star f\"><\/span><span class=\"ti-star f\"><\/span><span class=\"ti-star f\"><\/span><span class=\"ti-star f\"><\/span><\/span> <div class=\"ti-review-text-container ti-review-content\"><!-- R-CONTENT -->Ekspresowa wymiana opon, bardzo polecam.<!-- R-CONTENT --><\/div> <span class=\"ti-read-more\" data-container=\".ti-review-content\" data-collapse-text=\"Ukryj\" data-open-text=\"Czytaj wi\u0119cej\" ><\/span> <\/div> <\/div>  <div data-empty=\"0\" class=\"ti-review-item source-Google ti-image-layout-thumbnail\" data-id=\"cfcd208495d565ef66e7dff9f98764da\" > <div class=\"ti-inner\"> <div class=\"ti-review-header\"> <div class=\"ti-profile-img\"> <img decoding=\"async\" src=\"https:\/\/lh3.googleusercontent.com\/a\/ACg8ocKEfMg-tKAEbeGHklGa0jLtf0f03qa5IMp4sNx6R0hhtQwOsA=w40-h40-c-rp-mo-br100\" srcset=\"https:\/\/lh3.googleusercontent.com\/a\/ACg8ocKEfMg-tKAEbeGHklGa0jLtf0f03qa5IMp4sNx6R0hhtQwOsA=w80-h80-c-rp-mo-br100 2x\" alt=\"anna perka\" loading=\"lazy\" \/> <\/div> <div class=\"ti-profile-details\"> <div class=\"ti-name\"> anna perka <\/div> <div class=\"ti-date\">2024-09-19<\/div> <\/div> <\/div> <span class=\"ti-stars\"><span class=\"ti-star f\"><\/span><span class=\"ti-star f\"><\/span><span class=\"ti-star f\"><\/span><span class=\"ti-star f\"><\/span><span class=\"ti-star f\"><\/span><\/span> <div class=\"ti-review-text-container ti-review-content\"><!-- R-CONTENT -->Bardzo polecam. Wszystko szybko sprawnie.<!-- R-CONTENT --><\/div> <span class=\"ti-read-more\" data-container=\".ti-review-content\" data-collapse-text=\"Ukryj\" data-open-text=\"Czytaj wi\u0119cej\" ><\/span> <\/div> <\/div>  <div data-empty=\"0\" class=\"ti-review-item source-Google ti-image-layout-thumbnail\" data-id=\"cfcd208495d565ef66e7dff9f98764da\" > <div class=\"ti-inner\"> <div class=\"ti-review-header\"> <div class=\"ti-profile-img\"> <img decoding=\"async\" src=\"https:\/\/lh3.googleusercontent.com\/a\/ACg8ocL2xvYqESwD1gyiUqzYuPUa4zIn7r7Qsb8Z1MaXTX4tfobyuQ=w40-h40-c-rp-mo-br100\" srcset=\"https:\/\/lh3.googleusercontent.com\/a\/ACg8ocL2xvYqESwD1gyiUqzYuPUa4zIn7r7Qsb8Z1MaXTX4tfobyuQ=w80-h80-c-rp-mo-br100 2x\" alt=\"Ewa\" loading=\"lazy\" \/> <\/div> <div class=\"ti-profile-details\"> <div class=\"ti-name\"> Ewa <\/div> <div class=\"ti-date\">2024-09-14<\/div> <\/div> <\/div> <span class=\"ti-stars\"><span class=\"ti-star f\"><\/span><span class=\"ti-star f\"><\/span><span class=\"ti-star f\"><\/span><span class=\"ti-star f\"><\/span><span class=\"ti-star f\"><\/span><\/span> <div class=\"ti-review-text-container ti-review-content\"><!-- R-CONTENT -->Polecam. Szybka sprawna obs\u0142uga. Ceny konkurencyjne.<!-- R-CONTENT --><\/div> <span class=\"ti-read-more\" data-container=\".ti-review-content\" data-collapse-text=\"Ukryj\" data-open-text=\"Czytaj wi\u0119cej\" ><\/span> <\/div> <\/div>  <div data-empty=\"0\" class=\"ti-review-item source-Google ti-image-layout-thumbnail\" data-id=\"cfcd208495d565ef66e7dff9f98764da\" > <div class=\"ti-inner\"> <div class=\"ti-review-header\"> <div class=\"ti-profile-img\"> <img decoding=\"async\" src=\"https:\/\/lh3.googleusercontent.com\/a\/ACg8ocI_9NbhfkKza5BCSKhQE8NDDq8x7trjR84X7-Z5J76GI37wjg=w40-h40-c-rp-mo-br100\" srcset=\"https:\/\/lh3.googleusercontent.com\/a\/ACg8ocI_9NbhfkKza5BCSKhQE8NDDq8x7trjR84X7-Z5J76GI37wjg=w80-h80-c-rp-mo-br100 2x\" alt=\"piotr klonowski\" loading=\"lazy\" \/> <\/div> <div class=\"ti-profile-details\"> <div class=\"ti-name\"> piotr klonowski <\/div> <div class=\"ti-date\">2024-09-12<\/div> <\/div> <\/div> <span class=\"ti-stars\"><span class=\"ti-star f\"><\/span><span class=\"ti-star f\"><\/span><span class=\"ti-star f\"><\/span><span class=\"ti-star f\"><\/span><span class=\"ti-star f\"><\/span><\/span> <div class=\"ti-review-text-container ti-review-content\"><!-- R-CONTENT -->Ostatnio wymienia\u0142em 4 komplety. Us\u0142uga na wysokim poziomie, cena ni\u017csza jak w warsztatach a dodatkowo wszystko pod domem - bez wo\u017cenia felg\/opon i straty czasu..polecam<!-- R-CONTENT --><\/div> <span class=\"ti-read-more\" data-container=\".ti-review-content\" data-collapse-text=\"Ukryj\" data-open-text=\"Czytaj wi\u0119cej\" ><\/span> <\/div> <\/div>  <div data-empty=\"0\" class=\"ti-review-item source-Google ti-image-layout-thumbnail\" data-id=\"cfcd208495d565ef66e7dff9f98764da\" > <div class=\"ti-inner\"> <div class=\"ti-review-header\"> <div class=\"ti-profile-img\"> <img decoding=\"async\" src=\"https:\/\/lh3.googleusercontent.com\/a\/ACg8ocLhW8DmRD5HjG8WgwhJfl9MapOCaPU8oY5IXsxs6JL_TuLzRA=w40-h40-c-rp-mo-br100\" srcset=\"https:\/\/lh3.googleusercontent.com\/a\/ACg8ocLhW8DmRD5HjG8WgwhJfl9MapOCaPU8oY5IXsxs6JL_TuLzRA=w80-h80-c-rp-mo-br100 2x\" alt=\"Przemys\u0142aw Strycharczyk\" loading=\"lazy\" \/> <\/div> <div class=\"ti-profile-details\"> <div class=\"ti-name\"> Przemys\u0142aw Strycharczyk <\/div> <div class=\"ti-date\">2024-09-11<\/div> <\/div> <\/div> <span class=\"ti-stars\"><span class=\"ti-star f\"><\/span><span class=\"ti-star f\"><\/span><span class=\"ti-star f\"><\/span><span class=\"ti-star f\"><\/span><span class=\"ti-star f\"><\/span><\/span> <div class=\"ti-review-text-container ti-review-content\"><!-- R-CONTENT -->Mi\u0142o, szybko i profesjonalnie. Polecam<!-- R-CONTENT --><\/div> <span class=\"ti-read-more\" data-container=\".ti-review-content\" data-collapse-text=\"Ukryj\" data-open-text=\"Czytaj wi\u0119cej\" ><\/span> <\/div> <\/div>  <div data-empty=\"0\" class=\"ti-review-item source-Google ti-image-layout-thumbnail\" data-id=\"cfcd208495d565ef66e7dff9f98764da\" > <div class=\"ti-inner\"> <div class=\"ti-review-header\"> <div class=\"ti-profile-img\"> <img decoding=\"async\" src=\"https:\/\/lh3.googleusercontent.com\/a\/ACg8ocKAMb4Jmj9q7WN0rcG-eYmjK9B25osLqfuQ4niY5L-7qEbqNg=w40-h40-c-rp-mo-br100\" srcset=\"https:\/\/lh3.googleusercontent.com\/a\/ACg8ocKAMb4Jmj9q7WN0rcG-eYmjK9B25osLqfuQ4niY5L-7qEbqNg=w80-h80-c-rp-mo-br100 2x\" alt=\"Jaros\u0142aw Ho\u0142ub\" loading=\"lazy\" \/> <\/div> <div class=\"ti-profile-details\"> <div class=\"ti-name\"> Jaros\u0142aw Ho\u0142ub <\/div> <div class=\"ti-date\">2024-09-10<\/div> <\/div> <\/div> <span class=\"ti-stars\"><span class=\"ti-star f\"><\/span><span class=\"ti-star f\"><\/span><span class=\"ti-star f\"><\/span><span class=\"ti-star f\"><\/span><span class=\"ti-star f\"><\/span><\/span> <div class=\"ti-review-text-container ti-review-content\"><!-- R-CONTENT -->Petarda, kozak, szybszy od pogotowia ratunkowego<!-- R-CONTENT --><\/div> <span class=\"ti-read-more\" data-container=\".ti-review-content\" data-collapse-text=\"Ukryj\" data-open-text=\"Czytaj wi\u0119cej\" ><\/span> <\/div> <\/div>  <div data-empty=\"0\" class=\"ti-review-item source-Google ti-image-layout-thumbnail\" data-id=\"cfcd208495d565ef66e7dff9f98764da\" > <div class=\"ti-inner\"> <div class=\"ti-review-header\"> <div class=\"ti-profile-img\"> <img decoding=\"async\" src=\"https:\/\/lh3.googleusercontent.com\/a\/ACg8ocLtqf_-tee7J4muKxGVp8YUBYesnAP9y58F94OezXDC_DGLYg=w40-h40-c-rp-mo-br100\" srcset=\"https:\/\/lh3.googleusercontent.com\/a\/ACg8ocLtqf_-tee7J4muKxGVp8YUBYesnAP9y58F94OezXDC_DGLYg=w80-h80-c-rp-mo-br100 2x\" alt=\"Katarzyna Sobieszek\" loading=\"lazy\" \/> <\/div> <div class=\"ti-profile-details\"> <div class=\"ti-name\"> Katarzyna Sobieszek <\/div> <div class=\"ti-date\">2024-09-10<\/div> <\/div> <\/div> <span class=\"ti-stars\"><span class=\"ti-star f\"><\/span><span class=\"ti-star f\"><\/span><span class=\"ti-star f\"><\/span><span class=\"ti-star f\"><\/span><span class=\"ti-star f\"><\/span><\/span> <div class=\"ti-review-text-container ti-review-content\"><!-- R-CONTENT -->Serdecznie polecam i zach\u0119cam do korzystania z us\u0142ug. Szybko, sprawnie i tanio   mimo ,\u017ce by\u0142a to niedziela. Opona szybko naprawiona- nie sp\u00f3\u017anili\u015bmy si\u0119 na imprez\u0119 \ud83d\ude03<!-- R-CONTENT --><\/div> <span class=\"ti-read-more\" data-container=\".ti-review-content\" data-collapse-text=\"Ukryj\" data-open-text=\"Czytaj wi\u0119cej\" ><\/span> <\/div> <\/div>  <div data-empty=\"0\" class=\"ti-review-item source-Google ti-image-layout-thumbnail\" data-id=\"cfcd208495d565ef66e7dff9f98764da\" > <div class=\"ti-inner\"> <div class=\"ti-review-header\"> <div class=\"ti-profile-img\"> <img decoding=\"async\" src=\"https:\/\/lh3.googleusercontent.com\/a-\/ALV-UjX1BLFvTJFFLP3Tqc3WiexK7JXstCfoi4MxGJDcfBbkhtDFAVMt=w40-h40-c-rp-mo-ba3-br100\" srcset=\"https:\/\/lh3.googleusercontent.com\/a-\/ALV-UjX1BLFvTJFFLP3Tqc3WiexK7JXstCfoi4MxGJDcfBbkhtDFAVMt=w80-h80-c-rp-mo-ba3-br100 2x\" alt=\"Tom Sein\" loading=\"lazy\" \/> <\/div> <div class=\"ti-profile-details\"> <div class=\"ti-name\"> Tom Sein <\/div> <div class=\"ti-date\">2024-09-09<\/div> <\/div> <\/div> <span class=\"ti-stars\"><span class=\"ti-star f\"><\/span><span class=\"ti-star f\"><\/span><span class=\"ti-star f\"><\/span><span class=\"ti-star f\"><\/span><span class=\"ti-star f\"><\/span><\/span> <div class=\"ti-review-text-container ti-review-content\"><!-- R-CONTENT -->Szybko sprawnie naprawiona opona.\nProfesjonalnie i tanio polecam<!-- R-CONTENT --><\/div> <span class=\"ti-read-more\" data-container=\".ti-review-content\" data-collapse-text=\"Ukryj\" data-open-text=\"Czytaj wi\u0119cej\" ><\/span> <\/div> <\/div>  <\/div> <div class=\"ti-controls-line\"> <div class=\"dot\"><\/div> <\/div>  <\/div> <\/div> <\/div> <\/pre><\/div>\n\t\t\t\t<\/div>\n\t\t\t\t<\/div>\n\t\t\t\t\t<\/div>\n\t\t\t\t<\/div>\n\t\t\t\t\t<\/div>\n\t\t\t\t<\/div>\n\t\t\t\t<\/div>\n\t\t","protected":false},"excerpt":{"rendered":"<p>O firmie Szybko reagujemy na potrzeby kierowc\u00f3w \u2013 wymieniamy opony, serwisujemy hamulce i naprawiamy usterki na trasie, zapewniaj\u0105c wsparcie 24\/7. Poznaj nasz\u0105 firm\u0119 i dowiedz si\u0119 kim jeste\u015bmy Dowiedz si\u0119 wi\u0119cej O nas Nasza firma to zesp\u00f3\u0142 specjalist\u00f3w, kt\u00f3rzy z pasj\u0105 i pe\u0142nym zaanga\u017cowaniem \u015bwiadcz\u0105 mobilne us\u0142ugi wulkanizacyjne i drogow\u0105 pomoc techniczn\u0105 dla kierowc\u00f3w z P\u0142ocka i okolic. Naszym celem jest zapewnienie klientom szybkiej i niezawodnej pomocy, dlatego dzia\u0142amy ca\u0142odobowo, by odpowiada\u0107 na potrzeby kierowc\u00f3w w ka\u017cdej chwili. Zajmujemy si\u0119 wymian\u0105 opon w samochodach osobowych, ci\u0119\u017carowych, a tak\u017ce w maszynach rolniczych i budowlanych. Dzi\u0119ki temu, niezale\u017cnie od rodzaju pojazdu, nasz zesp\u00f3\u0142 jest w stanie udzieli\u0107 wsparcia technicznego w sytuacjach awaryjnych. Stawiamy na profesjonalizm i jako\u015b\u0107 us\u0142ug \u2013 ka\u017cda naprawa i wymiana realizowana jest przez do\u015bwiadczonych mechanik\u00f3w, kt\u00f3rzy posiadaj\u0105 szerok\u0105 wiedz\u0119 oraz niezb\u0119dne umiej\u0119tno\u015bci. Dla nas nie ma sytuacji nie do rozwi\u0105zania, poniewa\u017c dysponujemy nowoczesnym sprz\u0119tem, kt\u00f3ry pozwala nam efektywnie przeprowadzi\u0107 drobne naprawy na miejscu awarii. Zapewniamy tak\u017ce kompleksowy serwis hamulc\u00f3w, oferuj\u0105c wymian\u0119 tarcz i klock\u00f3w hamulcowych, co wp\u0142ywa na bezpiecze\u0144stwo i pe\u0142n\u0105 sprawno\u015b\u0107 pojazdu. Dzi\u0119ki mobilnemu charakterowi naszej pracy mo\u017cemy pojawi\u0107 si\u0119 na miejscu zdarzenia szybko, oferuj\u0105c wsparcie techniczne tam, gdzie jest to naprawd\u0119 potrzebne. Nasze us\u0142ugi nie ko\u0144cz\u0105 si\u0119 na pomocy drogowej \u2013 prowadzimy r\u00f3wnie\u017c us\u0142ugi transportowe dla klient\u00f3w, kt\u00f3rzy potrzebuj\u0105 przetransportowa\u0107 towary. Dysponujemy samochodami ci\u0119\u017carowymi typu kontener z wind\u0105 do palet, co umo\u017cliwia bezpieczny i wygodny przew\u00f3z \u0142adunk\u00f3w o du\u017cej wadze. Dzi\u0119ki tej us\u0142udze mo\u017cemy odpowiada\u0107 na zr\u00f3\u017cnicowane potrzeby klient\u00f3w, zar\u00f3wno w zakresie drobnych napraw i pomocy na drodze, jak i transportu. Ka\u017cdy klient mo\u017ce liczy\u0107 na indywidualne podej\u015bcie oraz profesjonalne wsparcie w ka\u017cdej sytuacji na drodze.<\/p>\n","protected":false},"author":1,"featured_media":0,"parent":0,"menu_order":0,"comment_status":"closed","ping_status":"closed","template":"elementor_canvas","meta":{"footnotes":""},"class_list":["post-1209","page","type-page","status-publish","hentry"],"_links":{"self":[{"href":"https:\/\/wulkanizacja-rolewski.pl\/index.php?rest_route=\/wp\/v2\/pages\/1209","targetHints":{"allow":["GET"]}}],"collection":[{"href":"https:\/\/wulkanizacja-rolewski.pl\/index.php?rest_route=\/wp\/v2\/pages"}],"about":[{"href":"https:\/\/wulkanizacja-rolewski.pl\/index.php?rest_route=\/wp\/v2\/types\/page"}],"author":[{"embeddable":true,"href":"https:\/\/wulkanizacja-rolewski.pl\/index.php?rest_route=\/wp\/v2\/users\/1"}],"replies":[{"embeddable":true,"href":"https:\/\/wulkanizacja-rolewski.pl\/index.php?rest_route=%2Fwp%2Fv2%2Fcomments&post=1209"}],"version-history":[{"count":7,"href":"https:\/\/wulkanizacja-rolewski.pl\/index.php?rest_route=\/wp\/v2\/pages\/1209\/revisions"}],"predecessor-version":[{"id":1250,"href":"https:\/\/wulkanizacja-rolewski.pl\/index.php?rest_route=\/wp\/v2\/pages\/1209\/revisions\/1250"}],"wp:attachment":[{"href":"https:\/\/wulkanizacja-rolewski.pl\/index.php?rest_route=%2Fwp%2Fv2%2Fmedia&parent=1209"}],"curies":[{"name":"wp","href":"https:\/\/api.w.org\/{rel}","templated":true}]}}